{"id":10,"date":"2019-07-30T14:46:26","date_gmt":"2019-07-30T12:46:26","guid":{"rendered":"https:\/\/mp10.schoolpage.pl\/?page_id=10"},"modified":"2020-09-18T21:46:12","modified_gmt":"2020-09-18T19:46:12","slug":"kontakt","status":"publish","type":"page","link":"https:\/\/mp10.schoolpage.pl\/index.php\/kontakt\/","title":{"rendered":"Kontakt"},"content":{"rendered":"\n<div class=\"wp-block-columns has-2-columns is-layout-flex wp-container-core-columns-is-layout-28f84493 wp-block-columns-is-layout-flex\">\n<div class=\"wp-block-column is-layout-flow wp-block-column-is-layout-flow\">\n<h4 class=\"wp-block-heading\"><strong>Miejskie Przedszkole Nr 10<\/strong><br><strong>z Oddzia\u0142ami Integracyjnymi<\/strong><br><strong>&#8222;Wyspa Dzieci&#8221; w Zielonej G\u00f3rze<\/strong><br><\/h4>\n\n\n\n<h4 class=\"wp-block-heading\">ul. Monte Cassino 21a<br>65-561 Zielona G\u00f3ra<br>tel: (68)4541880<br>e-mail: mp10zg@gmail.com <\/h4>\n<\/div>\n\n\n\n<div class=\"wp-block-column is-layout-flow wp-block-column-is-layout-flow\">\n<figure><iframe loading=\"lazy\" src=\"https:\/\/www.google.com\/maps\/embed?pb=!1m18!1m12!1m3!1d2460.1005775062254!2d15.48612401606901!3d51.93211897970717!2m3!1f0!2f0!3f0!3m2!1i1024!2i768!4f13.1!3m3!1m2!1s0x470611590d8b4e8b%3A0xdb1dada352ad11aa!2sMiejskie%20Przedszkole%20Nr%2010%20%22Wyspa%20Dzieci%22!5e0!3m2!1sen!2spl!4v1589108152937!5m2!1sen!2spl\" width=\"600\" height=\"450\" allowfullscreen=\"\"><\/iframe><\/figure>\n<\/div>\n<\/div>\n","protected":false},"excerpt":{"rendered":"<p>Miejskie Przedszkole Nr 10z Oddzia\u0142ami Integracyjnymi&#8222;Wyspa Dzieci&#8221; w Zielonej G\u00f3rze ul. Monte Cassino 21a65-561 Zielona G\u00f3ratel: (68)4541880e-mail: mp10zg@gmail.com<\/p>\n","protected":false},"author":1,"featured_media":0,"parent":0,"menu_order":0,"comment_status":"closed","ping_status":"closed","template":"page-templates\/contact.php","meta":{"footnotes":""},"class_list":["post-10","page","type-page","status-publish","hentry"],"_links":{"self":[{"href":"https:\/\/mp10.schoolpage.pl\/index.php\/wp-json\/wp\/v2\/pages\/10","targetHints":{"allow":["GET"]}}],"collection":[{"href":"https:\/\/mp10.schoolpage.pl\/index.php\/wp-json\/wp\/v2\/pages"}],"about":[{"href":"https:\/\/mp10.schoolpage.pl\/index.php\/wp-json\/wp\/v2\/types\/page"}],"author":[{"embeddable":true,"href":"https:\/\/mp10.schoolpage.pl\/index.php\/wp-json\/wp\/v2\/users\/1"}],"replies":[{"embeddable":true,"href":"https:\/\/mp10.schoolpage.pl\/index.php\/wp-json\/wp\/v2\/comments?post=10"}],"version-history":[{"count":4,"href":"https:\/\/mp10.schoolpage.pl\/index.php\/wp-json\/wp\/v2\/pages\/10\/revisions"}],"predecessor-version":[{"id":255,"href":"https:\/\/mp10.schoolpage.pl\/index.php\/wp-json\/wp\/v2\/pages\/10\/revisions\/255"}],"wp:attachment":[{"href":"https:\/\/mp10.schoolpage.pl\/index.php\/wp-json\/wp\/v2\/media?parent=10"}],"curies":[{"name":"wp","href":"https:\/\/api.w.org\/{rel}","templated":true}]}}