{"id":41,"date":"2019-07-30T17:00:40","date_gmt":"2019-07-30T15:00:40","guid":{"rendered":"https:\/\/mp10.schoolpage.pl\/?page_id=41"},"modified":"2020-09-18T21:01:01","modified_gmt":"2020-09-18T19:01:01","slug":"porady","status":"publish","type":"page","link":"https:\/\/mp10.schoolpage.pl\/index.php\/przedszkole\/porady\/","title":{"rendered":"Porady"},"content":{"rendered":"\n<div class=\"wp-block-file\"><a href=\"https:\/\/mp10.schoolpage.pl\/wp-content\/uploads\/2019\/08\/Akceptujmy-ka\u017cde-dziecko-takim-jakim-jest.pdf\">Akceptujmy-ka\u017cde-dziecko-takim-jakim-jest<\/a><a href=\"https:\/\/mp10.schoolpage.pl\/wp-content\/uploads\/2019\/08\/Akceptujmy-ka\u017cde-dziecko-takim-jakim-jest.pdf\" class=\"wp-block-file__button\" download>Pobierz<\/a><\/div>\n\n\n\n<div class=\"wp-block-file\"><a href=\"https:\/\/mp10.schoolpage.pl\/wp-content\/uploads\/2019\/08\/AUTYZM-DZIECI\u0118CY.pdf\">AUTYZM-DZIECI\u0118CY<\/a><a href=\"https:\/\/mp10.schoolpage.pl\/wp-content\/uploads\/2019\/08\/AUTYZM-DZIECI\u0118CY.pdf\" class=\"wp-block-file__button\" download>Pobierz<\/a><\/div>\n\n\n\n<div class=\"wp-block-file\"><a href=\"https:\/\/mp10.schoolpage.pl\/wp-content\/uploads\/2019\/08\/Bezpieczny-Internet.pdf\">Bezpieczny-Internet<\/a><a href=\"https:\/\/mp10.schoolpage.pl\/wp-content\/uploads\/2019\/08\/Bezpieczny-Internet.pdf\" class=\"wp-block-file__button\" download>Pobierz<\/a><\/div>\n\n\n\n<div class=\"wp-block-file\"><a href=\"https:\/\/mp10.schoolpage.pl\/wp-content\/uploads\/2019\/08\/Jak-radzi\u0107-sobie-z-przezi\u0119bieniem.pdf\">Jak-radzi\u0107-sobie-z-przezi\u0119bieniem<\/a><a href=\"https:\/\/mp10.schoolpage.pl\/wp-content\/uploads\/2019\/08\/Jak-radzi\u0107-sobie-z-przezi\u0119bieniem.pdf\" class=\"wp-block-file__button\" download>Pobierz<\/a><\/div>\n\n\n\n<div class=\"wp-block-file\"><a href=\"https:\/\/mp10.schoolpage.pl\/wp-content\/uploads\/2019\/08\/M\u00d3ZGOWE-PORA\u017bENIE-DZIECI\u0118CE.pdf\">M\u00d3ZGOWE-PORA\u017bENIE-DZIECI\u0118CE<\/a><a href=\"https:\/\/mp10.schoolpage.pl\/wp-content\/uploads\/2019\/08\/M\u00d3ZGOWE-PORA\u017bENIE-DZIECI\u0118CE.pdf\" class=\"wp-block-file__button\" download>Pobierz<\/a><\/div>\n\n\n\n<div class=\"wp-block-file\"><a href=\"https:\/\/mp10.schoolpage.pl\/wp-content\/uploads\/2019\/08\/NADPOBUDLIWO\u015a\u0106-I-AGRESJA-U-DZIECI.pdf\">NADPOBUDLIWO\u015a\u0106-I-AGRESJA-U-DZIECI<\/a><a href=\"https:\/\/mp10.schoolpage.pl\/wp-content\/uploads\/2019\/08\/NADPOBUDLIWO\u015a\u0106-I-AGRESJA-U-DZIECI.pdf\" class=\"wp-block-file__button\" download>Pobierz<\/a><\/div>\n\n\n\n<div class=\"wp-block-file\"><a href=\"https:\/\/mp10.schoolpage.pl\/wp-content\/uploads\/2019\/08\/Rady-dla-Rodzic\u00f3w.pdf\">Rady-dla-Rodzic\u00f3w<\/a><a href=\"https:\/\/mp10.schoolpage.pl\/wp-content\/uploads\/2019\/08\/Rady-dla-Rodzic\u00f3w.pdf\" class=\"wp-block-file__button\" download>Pobierz<\/a><\/div>\n\n\n\n<div class=\"wp-block-file\"><a href=\"https:\/\/mp10.schoolpage.pl\/wp-content\/uploads\/2019\/08\/S\u0142\u00f3w-kilka-o-l\u0119ku.pdf\">S\u0142\u00f3w-kilka-o-l\u0119ku<\/a><a href=\"https:\/\/mp10.schoolpage.pl\/wp-content\/uploads\/2019\/08\/S\u0142\u00f3w-kilka-o-l\u0119ku.pdf\" class=\"wp-block-file__button\" download>Pobierz<\/a><\/div>\n\n\n\n<div class=\"wp-block-file\"><a href=\"https:\/\/mp10.schoolpage.pl\/wp-content\/uploads\/2019\/08\/SPO\u0141ECZNA-INTEGRACJA-DZIECI-NIEPE\u0141NOSPRAWNYCH.pdf\">SPO\u0141ECZNA-INTEGRACJA-DZIECI-NIEPE\u0141NOSPRAWNYCH<\/a><a href=\"https:\/\/mp10.schoolpage.pl\/wp-content\/uploads\/2019\/08\/SPO\u0141ECZNA-INTEGRACJA-DZIECI-NIEPE\u0141NOSPRAWNYCH.pdf\" class=\"wp-block-file__button\" download>Pobierz<\/a><\/div>\n\n\n\n<div class=\"wp-block-file\"><a href=\"https:\/\/mp10.schoolpage.pl\/wp-content\/uploads\/2019\/08\/WSZAWICA.pdf\">WSZAWICA<\/a><a href=\"https:\/\/mp10.schoolpage.pl\/wp-content\/uploads\/2019\/08\/WSZAWICA.pdf\" class=\"wp-block-file__button\" download>Pobierz<\/a><\/div>\n\n\n\n<div class=\"wp-block-file\"><a href=\"https:\/\/mp10.schoolpage.pl\/wp-content\/uploads\/2019\/08\/Zanim-zaaplikujesz-dziecku-lekarstwo.pdf\">Zanim-zaaplikujesz-dziecku-lekarstwo<\/a><a href=\"https:\/\/mp10.schoolpage.pl\/wp-content\/uploads\/2019\/08\/Zanim-zaaplikujesz-dziecku-lekarstwo.pdf\" class=\"wp-block-file__button\" download>Pobierz<\/a><\/div>\n\n\n\n<div class=\"wp-block-file\"><a href=\"https:\/\/mp10.schoolpage.pl\/wp-content\/uploads\/2019\/08\/ZESP\u00d3\u0141-DOWNA.pdf\">ZESP\u00d3\u0141-DOWNA<\/a><a href=\"https:\/\/mp10.schoolpage.pl\/wp-content\/uploads\/2019\/08\/ZESP\u00d3\u0141-DOWNA.pdf\" class=\"wp-block-file__button\" download>Pobierz<\/a><\/div>\n\n\n\n<div class=\"wp-block-file\"><a href=\"https:\/\/mp10.schoolpage.pl\/wp-content\/uploads\/2019\/08\/Zjawisko-stresu-psychicznego.pdf\">Zjawisko-stresu-psychicznego<\/a><a href=\"https:\/\/mp10.schoolpage.pl\/wp-content\/uploads\/2019\/08\/Zjawisko-stresu-psychicznego.pdf\" class=\"wp-block-file__button\" download>Pobierz<\/a><\/div>\n","protected":false},"excerpt":{"rendered":"","protected":false},"author":1,"featured_media":0,"parent":37,"menu_order":7,"comment_status":"closed","ping_status":"closed","template":"","meta":{"footnotes":""},"class_list":["post-41","page","type-page","status-publish","hentry"],"_links":{"self":[{"href":"https:\/\/mp10.schoolpage.pl\/index.php\/wp-json\/wp\/v2\/pages\/41","targetHints":{"allow":["GET"]}}],"collection":[{"href":"https:\/\/mp10.schoolpage.pl\/index.php\/wp-json\/wp\/v2\/pages"}],"about":[{"href":"https:\/\/mp10.schoolpage.pl\/index.php\/wp-json\/wp\/v2\/types\/page"}],"author":[{"embeddable":true,"href":"https:\/\/mp10.schoolpage.pl\/index.php\/wp-json\/wp\/v2\/users\/1"}],"replies":[{"embeddable":true,"href":"https:\/\/mp10.schoolpage.pl\/index.php\/wp-json\/wp\/v2\/comments?post=41"}],"version-history":[{"count":2,"href":"https:\/\/mp10.schoolpage.pl\/index.php\/wp-json\/wp\/v2\/pages\/41\/revisions"}],"predecessor-version":[{"id":122,"href":"https:\/\/mp10.schoolpage.pl\/index.php\/wp-json\/wp\/v2\/pages\/41\/revisions\/122"}],"up":[{"embeddable":true,"href":"https:\/\/mp10.schoolpage.pl\/index.php\/wp-json\/wp\/v2\/pages\/37"}],"wp:attachment":[{"href":"https:\/\/mp10.schoolpage.pl\/index.php\/wp-json\/wp\/v2\/media?parent=41"}],"curies":[{"name":"wp","href":"https:\/\/api.w.org\/{rel}","templated":true}]}}