{"id":43,"date":"2020-09-01T09:50:00","date_gmt":"2020-09-01T07:50:00","guid":{"rendered":"https:\/\/mp10.schoolpage.pl\/?page_id=43"},"modified":"2026-03-15T12:54:14","modified_gmt":"2026-03-15T11:54:14","slug":"grupy","status":"publish","type":"page","link":"https:\/\/mp10.schoolpage.pl\/index.php\/przedszkole\/grupy\/","title":{"rendered":"Grupy"},"content":{"rendered":"\n<div class=\"wp-block-columns has-2-columns is-layout-flex wp-container-core-columns-is-layout-28f84493 wp-block-columns-is-layout-flex\">\n<div class=\"wp-block-column is-layout-flow wp-block-column-is-layout-flow\">\n<p><strong>\u015aMIESZKI<\/strong><br><strong>Nauczyciele:<\/strong><br>mgr Dorota Bania<br>mgr Jolanta Janicka<\/p>\n\n\n\n<p><strong>Nauczyciel wsp\u00f3\u0142organizuj\u0105cy kszta\u0142cenie<\/strong><\/p>\n\n\n\n<p><br><strong>Pomoc nauczyciela<\/strong><br>Marta Krystek<\/p>\n\n\n\n<p>Elwira Sadecka<\/p>\n\n\n\n<p><strong>FIGIELKI<br>Nauczyciele:<\/strong><\/p>\n\n\n\n<p>mgr Jolanta Janicka<\/p>\n\n\n\n<p>mgr Angelika Niekraszewicz<br>mgr Justyna \u015awiderska<br><strong>Pomoc nauczyciela:<\/strong><br> Tetiana Morozowa<\/p>\n\n\n\n<p><strong>PSIKUSY<br>Nauczyciele<\/strong>:<br>mgr Anna Jankowiak<br>mgr Karolina Kotylak<br><strong>Pomoc nauczyciela<\/strong>:<br>Renata Nowacka<\/p>\n<\/div>\n\n\n\n<div class=\"wp-block-column is-layout-flow wp-block-column-is-layout-flow\">\n<p><strong>PSOTKI<br>Nauczyciele:<\/strong><br>mgr Ewa Warszawska<br>mgr Katarzyna Walkowiak<br><strong>Nauczyciel wsp\u00f3\u0142organizuj\u0105cy kszta\u0142cenie:<\/strong><br>mgr Agnieszka Wojtasik<br><strong>Pomoc nauczyciela:<\/strong><\/p>\n\n\n\n<p>Barbara Lisowska <br>Celina Witkowska<\/p>\n\n\n\n<p><br><strong>SPECJALI\u015aCI<\/strong><\/p>\n\n\n\n<p><strong>Logopeda:<\/strong><br>mgr Alicja Kami\u0144ska<\/p>\n\n\n\n<p><strong>Psycholog:<\/strong><br>mgr Dorota Stolarska-Frahn<\/p>\n\n\n\n<p>mgr Jolanta Ki\u017cuk<\/p>\n\n\n\n<p><strong>Pedagog-terapeuta:<\/strong><br>mgr Karolina Kotylak<\/p>\n\n\n\n<p><strong>Pedagog specjalny:<\/strong><\/p>\n\n\n\n<p>mgr Natalia Adamkiewicz <\/p>\n\n\n\n<p><strong>J\u0119zyk niemiecki:<\/strong><\/p>\n\n\n\n<p>lic. Iwona Wiszniewska<br><\/p>\n<\/div>\n<\/div>\n","protected":false},"excerpt":{"rendered":"<p>\u015aMIESZKINauczyciele:mgr Dorota Baniamgr Jolanta Janicka Nauczyciel wsp\u00f3\u0142organizuj\u0105cy kszta\u0142cenie Pomoc nauczycielaMarta Krystek Elwira Sadecka FIGIELKINauczyciele: mgr Jolanta Janicka mgr Angelika Niekraszewiczmgr Justyna \u015awiderskaPomoc nauczyciela: Tetiana Morozowa PSIKUSYNauczyciele:mgr Anna Jankowiakmgr Karolina KotylakPomoc nauczyciela:Renata Nowacka PSOTKINauczyciele:mgr Ewa Warszawskamgr Katarzyna WalkowiakNauczyciel wsp\u00f3\u0142organizuj\u0105cy kszta\u0142cenie:mgr Agnieszka<\/p>\n","protected":false},"author":2,"featured_media":0,"parent":37,"menu_order":3,"comment_status":"closed","ping_status":"closed","template":"","meta":{"footnotes":""},"class_list":["post-43","page","type-page","status-publish","hentry"],"_links":{"self":[{"href":"https:\/\/mp10.schoolpage.pl\/index.php\/wp-json\/wp\/v2\/pages\/43","targetHints":{"allow":["GET"]}}],"collection":[{"href":"https:\/\/mp10.schoolpage.pl\/index.php\/wp-json\/wp\/v2\/pages"}],"about":[{"href":"https:\/\/mp10.schoolpage.pl\/index.php\/wp-json\/wp\/v2\/types\/page"}],"author":[{"embeddable":true,"href":"https:\/\/mp10.schoolpage.pl\/index.php\/wp-json\/wp\/v2\/users\/2"}],"replies":[{"embeddable":true,"href":"https:\/\/mp10.schoolpage.pl\/index.php\/wp-json\/wp\/v2\/comments?post=43"}],"version-history":[{"count":30,"href":"https:\/\/mp10.schoolpage.pl\/index.php\/wp-json\/wp\/v2\/pages\/43\/revisions"}],"predecessor-version":[{"id":1718,"href":"https:\/\/mp10.schoolpage.pl\/index.php\/wp-json\/wp\/v2\/pages\/43\/revisions\/1718"}],"up":[{"embeddable":true,"href":"https:\/\/mp10.schoolpage.pl\/index.php\/wp-json\/wp\/v2\/pages\/37"}],"wp:attachment":[{"href":"https:\/\/mp10.schoolpage.pl\/index.php\/wp-json\/wp\/v2\/media?parent=43"}],"curies":[{"name":"wp","href":"https:\/\/api.w.org\/{rel}","templated":true}]}}