{"id":51,"date":"2019-07-30T17:04:04","date_gmt":"2019-07-30T15:04:04","guid":{"rendered":"https:\/\/mp10.schoolpage.pl\/?page_id=51"},"modified":"2025-06-26T07:49:53","modified_gmt":"2025-06-26T05:49:53","slug":"rodo","status":"publish","type":"page","link":"https:\/\/mp10.schoolpage.pl\/index.php\/przedszkole\/rodo\/","title":{"rendered":"RODO"},"content":{"rendered":"\n<h2 class=\"wp-block-heading\">ROZPORZ\u0104DZENIE OCHRONY DANYCH OSOBOWYCH (RODO)\t\t<\/h2>\n\n\n\n<p><strong>Polityka prywatno\u015bci i wykorzystywania plik\u00f3w Cookies na stronie internetowej <\/strong><br><strong>Miejskiego Przedszkola nr 10 z Oddzia\u0142ami Integracyjnymi \u201eWyspa Dzieci\u201d w Zielonej G\u00f3rze<\/strong><\/p>\n\n\n\n<p>Miejskie Przedszkole nr 10 z Oddzia\u0142ami Integracyjnymi \u201eWyspa Dzieci\u201d w Zielonej G\u00f3rze przywi\u0105zuje szczeg\u00f3ln\u0105 wag\u0119 do poszanowania prywatno\u015bci u\u017cytkownik\u00f3w odwiedzaj\u0105cych serwisy w domenie wyspadzieci.zgora.pl. Gromadzone w dziennikach log\u00f3w dane s\u0105 wykorzystywane tylko i wy\u0142\u0105cznie do cel\u00f3w administrowania stron\u0105 internetow\u0105. Nie zabiegamy o identyfikacj\u0119 u\u017cytkownik\u00f3w strony Miejskiego Przedszkola Nr 10.&nbsp;\u017badne dane identyfikacyjne, do \u017cadnych cel\u00f3w, nie s\u0105 przekazywane do jakiejkolwiek trzeciej strony.<\/p>\n\n\n\n<p><strong>Gromadzenie danych<br><\/strong><br>Zgodnie z przyj\u0119t\u0105 praktyk\u0105 wi\u0119kszo\u015bci serwis\u00f3w WWW, przechowujemy zapytania HTTP kierowane do naszej strony internetowej. Przegl\u0105dane zasoby identyfikowane s\u0105 poprzez adresy URL. Dok\u0142adny wykaz informacji przechowywanych w plikach log\u00f3w serwera WWW jest nast\u0119puj\u0105cy:<\/p>\n\n\n\n<p>\u2022 publiczny adres IP komputera z kt\u00f3rego nadesz\u0142o zapytanie (mo\u017ce to by\u0107 bezpo\u015brednio komputer u\u017cytkownika)<br>\u2022 nazw\u0119 stacji klienta &#8211; identyfikacja realizowana przez protok\u00f3\u0142 HTTP o ile jest mo\u017cliwa,<br>\u2022 nazwa u\u017cytkownika podawana w procesie autoryzacji,<br>\u2022 czas nadej\u015bcia zapytania,<br>\u2022 pierwszy wiersz \u017c\u0105dania HTTP,<br>\u2022 kod odpowiedzi HTTP,<br>\u2022 liczb\u0119 wys\u0142anych przez serwer bajt\u00f3w,<br>\u2022 adres URL strony poprzednio odwiedzanej przez u\u017cytkownika (referer link) &#8211; w przypadku gdy przej\u015bcie do strony wyspadzieci.zgora.pl. nast\u0105pi\u0142o przez odno\u015bnik,<br>\u2022 informacje o przegl\u0105darce u\u017cytkownika,<br>\u2022 informacje o b\u0142\u0119dach, jakie nast\u0105pi\u0142y przy realizacji transakcji HTTP.<\/p>\n\n\n\n<p><br>Dane te nie s\u0105 kojarzone z konkretnymi osobami przegl\u0105daj\u0105cymi stron\u0119 internetow\u0105 MP-10. <br>Dla zapewnienia jak najwy\u017cszej jako\u015bci serwisu, okazjonalnie analizujemy pliki z logami w celu okre\u015blenia: kt\u00f3re strony odwiedzane s\u0105 najcz\u0119\u015bciej, jakie przegl\u0105darki stron WWW s\u0105 stosowane, czy struktura strony nie zawiera b\u0142\u0119d\u00f3w itp.<\/p>\n\n\n\n<p><strong>Wykorzystywanie danych<\/strong><\/p>\n\n\n\n<p>Zebrane logi przechowywane s\u0105 przez czas nieokre\u015blony jako materia\u0142 pomocniczy s\u0142u\u017c\u0105cy do administrowania serwisem. Informacje w nich zawarte nie s\u0105 ujawniane nikomu poza osobami upowa\u017cnionymi do administrowania serwerem oraz stron\u0105 internetow\u0105 MP-10. Na podstawie plik\u00f3w log\u00f3w mog\u0105 by\u0107 generowane statystyki stanowi\u0105ce pomoc w administrowaniu. Zbiorcze podsumowania w postaci takich statystyk nie zawieraj\u0105 \u017cadnych cech identyfikuj\u0105cych osoby odwiedzaj\u0105ce stron\u0119 internetow\u0105 MP-10.<\/p>\n\n\n\n<p><strong>Mechanizm Cookies na stronach internetowych UODO<\/strong><\/p>\n\n\n\n<p>Mechanizm Cookies nie jest wykorzystywany do pozyskiwania jakichkolwiek informacji o u\u017cytkownikach strony ani \u015bledzenia ich nawigacji. Pliki Cookies stosowane na stronie internetowej MP-10 nie przechowuj\u0105 \u017cadnych danych osobowych ani innych informacji zebranych od u\u017cytkownik\u00f3w. <br>Na stronie internetowej MP-10 okresowo mo\u017ce by\u0107 wykorzystywany sesyjny plik Cookie o nazwie INFO &#8211; do zapisania faktu zapoznania si\u0119 z wyr\u00f3\u017cnionymi informacjami. Plik Cookie jest tworzony w celu ograniczania ilo\u015bci emisji okresowo pojawiaj\u0105cych si\u0119 og\u0142osze\u0144. Dzi\u0119ki zastosowaniu pliku Cookie informacja wy\u015bwietla si\u0119 tylko raz dla jednej sesji u\u017cytkownika i nie ukazuje si\u0119 ponownie po przej\u015bciu na kolejn\u0105 stron\u0119. Wymieniony wy\u017cej sesyjny plik Cookie, je\u015bli jest tworzony, to wyst\u0119puje w okre\u015blonym czasie, i tylko przez czas, w jakim strona jest odwiedzana przez u\u017cytkownika. Zamkni\u0119cie okna przegl\u0105darki ze stron\u0105 internetow\u0105 MP-10 powoduje usuni\u0119cie utworzonego pliku.<\/p>\n\n\n\n<p><strong>Odno\u015bniki do innych stron<\/strong><\/p>\n\n\n\n<p>Strona internetowa MP-10 zawiera odno\u015bniki do innych stron WWW. Nie mo\u017cemy ponosi\u0107 odpowiedzialno\u015bci za zasady zachowania prywatno\u015bci obowi\u0105zuj\u0105ce na tych stronach. Namawiamy, by po przej\u015bciu na inne strony, zapozna\u0107 si\u0119 z polityka prywatno\u015bci tam ustalon\u0105. Niniejsza polityka prywatno\u015bci dotyczy tylko strony internetowej MP- 10<\/p>\n\n\n\n<p><strong>Zmiany<\/strong><br><br>W przypadku zmiany obowi\u0105zuj\u0105cej polityki prywatno\u015bci, wprowadzone zostan\u0105 odpowiednie modyfikacje do powy\u017cszego zapisu.<\/p>\n\n\n\n<p>Inspektor ochrony danych: <br>Katarzyna Urbaniak<br>tel: 880 100 367<br>e-mail:\u00a0<a href=\"mailto:iod1@cuw.zielona-gora.pl\">iod1@cuw.zielona-gora.pl<\/a><\/p>\n","protected":false},"excerpt":{"rendered":"<p>ROZPORZ\u0104DZENIE OCHRONY DANYCH OSOBOWYCH (RODO) Polityka prywatno\u015bci i wykorzystywania plik\u00f3w Cookies na stronie internetowej Miejskiego Przedszkola nr 10 z Oddzia\u0142ami Integracyjnymi \u201eWyspa Dzieci\u201d w Zielonej G\u00f3rze Miejskie Przedszkole nr 10 z Oddzia\u0142ami Integracyjnymi \u201eWyspa Dzieci\u201d w Zielonej G\u00f3rze przywi\u0105zuje szczeg\u00f3ln\u0105<\/p>\n","protected":false},"author":1,"featured_media":0,"parent":37,"menu_order":9,"comment_status":"closed","ping_status":"closed","template":"","meta":{"footnotes":""},"class_list":["post-51","page","type-page","status-publish","hentry"],"_links":{"self":[{"href":"https:\/\/mp10.schoolpage.pl\/index.php\/wp-json\/wp\/v2\/pages\/51","targetHints":{"allow":["GET"]}}],"collection":[{"href":"https:\/\/mp10.schoolpage.pl\/index.php\/wp-json\/wp\/v2\/pages"}],"about":[{"href":"https:\/\/mp10.schoolpage.pl\/index.php\/wp-json\/wp\/v2\/types\/page"}],"author":[{"embeddable":true,"href":"https:\/\/mp10.schoolpage.pl\/index.php\/wp-json\/wp\/v2\/users\/1"}],"replies":[{"embeddable":true,"href":"https:\/\/mp10.schoolpage.pl\/index.php\/wp-json\/wp\/v2\/comments?post=51"}],"version-history":[{"count":6,"href":"https:\/\/mp10.schoolpage.pl\/index.php\/wp-json\/wp\/v2\/pages\/51\/revisions"}],"predecessor-version":[{"id":1520,"href":"https:\/\/mp10.schoolpage.pl\/index.php\/wp-json\/wp\/v2\/pages\/51\/revisions\/1520"}],"up":[{"embeddable":true,"href":"https:\/\/mp10.schoolpage.pl\/index.php\/wp-json\/wp\/v2\/pages\/37"}],"wp:attachment":[{"href":"https:\/\/mp10.schoolpage.pl\/index.php\/wp-json\/wp\/v2\/media?parent=51"}],"curies":[{"name":"wp","href":"https:\/\/api.w.org\/{rel}","templated":true}]}}