{"id":55,"date":"2020-05-10T21:47:07","date_gmt":"2020-05-10T19:47:07","guid":{"rendered":"https:\/\/mp10.schoolpage.pl\/?page_id=55"},"modified":"2023-01-17T20:37:11","modified_gmt":"2023-01-17T19:37:11","slug":"rozklad-dnia","status":"publish","type":"page","link":"https:\/\/mp10.schoolpage.pl\/index.php\/przedszkole\/rozklad-dnia\/","title":{"rendered":"Rozk\u0142ad dnia"},"content":{"rendered":"\n<p><strong>6:30 &#8211; 8:00 <\/strong>&#8211; <strong>swobodna zabawa dzieci wg zainteresowa\u0144<\/strong><\/p>\n\n\n\n<ul class=\"wp-block-list\">\n<li>praca korekcyjno- kompensacyjna z dzieckiem,<\/li>\n\n\n\n<li> zaj\u0119cia dydaktyczne typu: \u0107wiczenia ortofoniczne, <\/li>\n\n\n\n<li>zabawy badawcze, <\/li>\n\n\n\n<li>gry dydaktyczne i stolikowe, <\/li>\n\n\n\n<li> praca korekcyjno- kompensacyjna z dzieckiem,<\/li>\n\n\n\n<li>czynno\u015bci organizacyjne i samoobs\u0142ugowe. <\/li>\n<\/ul>\n\n\n\n<p><strong>I \u015bniadanie<\/strong> &#8211;<strong> 8:30 &#8211; 9:00<\/strong><\/p>\n\n\n\n<p><strong>9:00 &#8211; 10:00 &#8211; zaj\u0119cia zorganizowane z ca\u0142\u0105 grup\u0105:<\/strong> <\/p>\n\n\n\n<ul class=\"wp-block-list\">\n<li>rozwijanie mowy i my\u015blenia<\/li>\n\n\n\n<li>rozwijanie poj\u0119\u0107 matematycznych, <\/li>\n\n\n\n<li>poznawanie \u015brodowiska spo\u0142ecznego i przyrodniczego, <\/li>\n\n\n\n<li>zaj\u0119cia plastyczne, <\/li>\n\n\n\n<li>muzyczne, <\/li>\n\n\n\n<li>ruchowe.<\/li>\n<\/ul>\n\n\n\n<p><strong>10:00 &#8211; 11:00 &#8211; zabawy i relaks na \u015bwie\u017cym powietrzu<\/strong><\/p>\n\n\n\n<ul class=\"wp-block-list\">\n<li>zabawy na przedszkolnym placu zabaw,<\/li>\n\n\n\n<li>spacery,<\/li>\n\n\n\n<li>wycieczki.<\/li>\n<\/ul>\n\n\n\n<p><strong>II \u015bniadanie<\/strong> <strong>&#8211; 11:00 &#8211; 11:30<\/strong><\/p>\n\n\n\n<p><br> <strong>11:30 &#8211; 13:00 &#8211; swobodna zabawa dzieci wg zainteresowa\u0144<\/strong><\/p>\n\n\n\n<ul class=\"wp-block-list\">\n<li> zabawy badawcze, gry dydaktyczne i stolikowe ,<\/li>\n\n\n\n<li>zabawy rozwijaj\u0105ce zainteresowania,<\/li>\n\n\n\n<li>s\u0142uchanie literatury dzieci\u0119cej, muzyki.<\/li>\n<\/ul>\n\n\n\n<p> <br><strong>13:00 &#8211; 13:30 &#8211;  zabawy i zaj\u0119cia  dodatkowe w oddzia\u0142ach<\/strong><\/p>\n\n\n\n<p><strong>Obiad<\/strong> <strong>13:00 &#8211; 13.30<\/strong><\/p>\n\n\n\n<p><strong>Podwieczorek 14.00 <\/strong><\/p>\n\n\n\n<p><br> <strong>14:00 &#8211; 16:30 &#8211; swobodna zabawa dzieci wg zainteresowa\u0144<\/strong><\/p>\n\n\n\n<ul class=\"wp-block-list\">\n<li>praca korekcyjno- kompensacyjna z dzieckiem<\/li>\n\n\n\n<li>czynno\u015bci organizacyjne i samoobs\u0142ugowe<\/li>\n\n\n\n<li>pobyt w ogrodzie przedszkolnym<\/li>\n\n\n\n<li>zaj\u0119cia dodatkowe<\/li>\n<\/ul>\n\n\n\n<p class=\"has-text-align-center\"> <strong>Op\u0142ata za wy\u017cywienie od 1 stycznia 2023<\/strong> <strong>r. wynosi:                            10,00 z\u0142. \/ dzie\u0144 <\/strong><\/p>\n","protected":false},"excerpt":{"rendered":"<p>6:30 &#8211; 8:00 &#8211; swobodna zabawa dzieci wg zainteresowa\u0144 I \u015bniadanie &#8211; 8:30 &#8211; 9:00 9:00 &#8211; 10:00 &#8211; zaj\u0119cia zorganizowane z ca\u0142\u0105 grup\u0105: 10:00 &#8211; 11:00 &#8211; zabawy i relaks na \u015bwie\u017cym powietrzu II \u015bniadanie &#8211; 11:00 &#8211; 11:30<\/p>\n","protected":false},"author":1,"featured_media":0,"parent":37,"menu_order":2,"comment_status":"closed","ping_status":"closed","template":"","meta":{"footnotes":""},"class_list":["post-55","page","type-page","status-publish","hentry"],"_links":{"self":[{"href":"https:\/\/mp10.schoolpage.pl\/index.php\/wp-json\/wp\/v2\/pages\/55","targetHints":{"allow":["GET"]}}],"collection":[{"href":"https:\/\/mp10.schoolpage.pl\/index.php\/wp-json\/wp\/v2\/pages"}],"about":[{"href":"https:\/\/mp10.schoolpage.pl\/index.php\/wp-json\/wp\/v2\/types\/page"}],"author":[{"embeddable":true,"href":"https:\/\/mp10.schoolpage.pl\/index.php\/wp-json\/wp\/v2\/users\/1"}],"replies":[{"embeddable":true,"href":"https:\/\/mp10.schoolpage.pl\/index.php\/wp-json\/wp\/v2\/comments?post=55"}],"version-history":[{"count":11,"href":"https:\/\/mp10.schoolpage.pl\/index.php\/wp-json\/wp\/v2\/pages\/55\/revisions"}],"predecessor-version":[{"id":1006,"href":"https:\/\/mp10.schoolpage.pl\/index.php\/wp-json\/wp\/v2\/pages\/55\/revisions\/1006"}],"up":[{"embeddable":true,"href":"https:\/\/mp10.schoolpage.pl\/index.php\/wp-json\/wp\/v2\/pages\/37"}],"wp:attachment":[{"href":"https:\/\/mp10.schoolpage.pl\/index.php\/wp-json\/wp\/v2\/media?parent=55"}],"curies":[{"name":"wp","href":"https:\/\/api.w.org\/{rel}","templated":true}]}}