{"id":7,"date":"2019-07-30T14:46:26","date_gmt":"2019-07-30T12:46:26","guid":{"rendered":"https:\/\/mp10.schoolpage.pl\/?page_id=7"},"modified":"2020-05-09T20:04:35","modified_gmt":"2020-05-09T18:04:35","slug":"strona-glowna","status":"publish","type":"page","link":"https:\/\/mp10.schoolpage.pl\/","title":{"rendered":"Strona g\u0142\u00f3wna"},"content":{"rendered":"<p>Witamy na stronie! To jest strona g\u0142\u00f3wna, kt\u00f3r\u0105 zobaczy wi\u0119kszo\u015b\u0107 odwiedzaj\u0105cych, kiedy b\u0119dzie odwiedza\u0107 twoj\u0105 witryn\u0119 po raz pierwszy.<\/p>\n","protected":false},"excerpt":{"rendered":"<p>Witamy na stronie! To jest strona g\u0142\u00f3wna, kt\u00f3r\u0105 zobaczy wi\u0119kszo\u015b\u0107 odwiedzaj\u0105cych, kiedy b\u0119dzie odwiedza\u0107 twoj\u0105 witryn\u0119 po raz pierwszy.<\/p>\n","protected":false},"author":1,"featured_media":0,"parent":0,"menu_order":0,"comment_status":"closed","ping_status":"closed","template":"page-templates\/business.php","meta":{"footnotes":""},"class_list":["post-7","page","type-page","status-publish","hentry"],"_links":{"self":[{"href":"https:\/\/mp10.schoolpage.pl\/index.php\/wp-json\/wp\/v2\/pages\/7","targetHints":{"allow":["GET"]}}],"collection":[{"href":"https:\/\/mp10.schoolpage.pl\/index.php\/wp-json\/wp\/v2\/pages"}],"about":[{"href":"https:\/\/mp10.schoolpage.pl\/index.php\/wp-json\/wp\/v2\/types\/page"}],"author":[{"embeddable":true,"href":"https:\/\/mp10.schoolpage.pl\/index.php\/wp-json\/wp\/v2\/users\/1"}],"replies":[{"embeddable":true,"href":"https:\/\/mp10.schoolpage.pl\/index.php\/wp-json\/wp\/v2\/comments?post=7"}],"version-history":[{"count":2,"href":"https:\/\/mp10.schoolpage.pl\/index.php\/wp-json\/wp\/v2\/pages\/7\/revisions"}],"predecessor-version":[{"id":265,"href":"https:\/\/mp10.schoolpage.pl\/index.php\/wp-json\/wp\/v2\/pages\/7\/revisions\/265"}],"wp:attachment":[{"href":"https:\/\/mp10.schoolpage.pl\/index.php\/wp-json\/wp\/v2\/media?parent=7"}],"curies":[{"name":"wp","href":"https:\/\/api.w.org\/{rel}","templated":true}]}}