{"id":8,"date":"2020-05-10T21:16:26","date_gmt":"2020-05-10T19:16:26","guid":{"rendered":"https:\/\/mp10.schoolpage.pl\/?page_id=8"},"modified":"2025-09-07T12:45:36","modified_gmt":"2025-09-07T10:45:36","slug":"o-nas","status":"publish","type":"page","link":"https:\/\/mp10.schoolpage.pl\/index.php\/o-nas\/","title":{"rendered":"O nas"},"content":{"rendered":"\n<p><strong>Kilka s\u0142\u00f3w o przedszkolu<\/strong><br><br>\u201eWyspa Dzieci\u201d zlokalizowana jest w Zielonej G\u00f3rze przy ul. Monte Cassino 21a, w samym centrum Osiedla S\u0142onecznego. Mo\u017cna do niej dotrze\u0107 wygodnie autobusem miejskim, samochodem lub na piechot\u0119 z ka\u017cdego miejsca w mie\u015bcie.<br><br>Budynek przedszkolny liczy sobie 45-lat, jest du\u017cy, otoczony zieleni\u0105 i posiada dobrze wyposa\u017cony, przestronny plac zabaw, na kt\u00f3rym niezale\u017cnie od wieku, ka\u017cde dziecko znajdzie co\u015b dla siebie. Dodatkowo &#8211; sale przedszkolne znajduj\u0105ce si\u0119 na parterze maj\u0105 bezpo\u015brednie wyj\u015bcia na obszerne tarasy. <br><br>Dobre po\u0142o\u017cenie przedszkola oraz wykonane przy schodach podjazdy, nie sprawi\u0105 k\u0142opotu z dotarciem do budynku nawet rodzicom dzieci niepe\u0142nosprawnych korzystaj\u0105cych z w\u00f3zk\u00f3w. &#8222;Wyspa Dzieci&#8221; jest przedszkolem z oddzia\u0142ami integracyjnymi, w zwi\u0105zku z tym &#8211; opr\u00f3cz wszelkich udogodnie\u0144 architektonicznych, niezb\u0119dnego sprz\u0119tu i pomocy dydaktycznych skierowanych w stron\u0119 dzieci z niepe\u0142nosprawno\u015bciami, mo\u017cemy pochwali\u0107 si\u0119 \u015bwietn\u0105 kadr\u0105 pedagogiczn\u0105, kt\u00f3ra posiada wykszta\u0142cenie z zakresu pedagogiki specjalnej, oligofrenopedagogiki oraz terapii.<br><br>Natomiast jasne, weso\u0142e pomieszczenia przedszkola, sale wyposa\u017cone w nowe meble i dywany z mn\u00f3stwem kolorowych k\u0105cik\u00f3w, zabawek i ksi\u0105\u017cek oraz odpowiednio przygotowane gabinety terapeutyczne zach\u0119caj\u0105 do zabawy, wywo\u0142uj\u0105 zainteresowanie i u\u015bmiech nawet najsmutniejszego malucha.<\/p>\n\n\n\n<p><\/p>\n\n\n\n<p><br><br><strong>Podstawy naszej dzia\u0142alno\u015bci<\/strong><br><br><strong>Organem prowadz\u0105cym<\/strong> przedszkole jest: Urz\u0105d Miasta Zielona G\u00f3ra.<br><strong>Organem nadzoruj\u0105cym<\/strong>: Lubuskie Kuratorium O\u015bwiaty w Gorzowie Wielkopolskim z Delegatur\u0105 w Zielonej G\u00f3rze.<br><br>Przedszkole realizuje cele i zadania wychowawczo-dydaktyczne okre\u015blone przez MEN, wspomagaj\u0105c swoim oddzia\u0142ywaniem wszechstronny rozw\u00f3j ka\u017cdego dziecka, zgodnie z jego mo\u017cliwo\u015bciami i predyspozycjami psycho-fizycznymi. Zapewnia wczesn\u0105 edukacj\u0119 w atmosferze pe\u0142nej akceptacji i \u017cyczliwo\u015bci oraz wspiera rodzic\u00f3w w wychowaniu. Wa\u017cnym aspektem naszej dzia\u0142alno\u015bci jest r\u00f3wnie\u017c wsp\u00f3\u0142praca z rodzicami i \u015brodowiskiem lokalnym.<\/p>\n\n\n\n<p><\/p>\n\n\n\n<p><br><br><strong>Programy, w kt\u00f3rych bierze udzia\u0142 nasza plac\u00f3wka:<\/strong><br><br>W 2000r. przyst\u0105pili\u015bmy do realizacji programu <strong>&#8222;Partnerskie Przedszkole&#8221; <\/strong>maj\u0105cego na celu promowanie  w \u015brodowisku  warto\u015bci wychowania przedszkolnego w edukacji najm\u0142odszych. Nasze dzia\u0142ania przynios\u0142y zamierzone efekty, kt\u00f3re zosta\u0142y docenione przez dzieci, rodzic\u00f3w, wsp\u00f3\u0142pracuj\u0105cych z plac\u00f3wk\u0105 partner\u00f3w oraz \u015brodowisko lokalne.<br><br>Dnia 7 lipca 2004r., w Pa\u0142acu Belwederskim w Warszawie otrzymali\u015bmy z r\u0105k Sekretarz Stanu Kancelarii Prezydenta Rzeczypospolitej Polskiej (jako  pierwsze przedszkole w naszym mie\u015bcie) <strong>Polski Certyfikat Jako\u015bci <\/strong>&#8222;PARTNERSKIE  PRZEDSZKOLE\u201d &#8211; \u015bwiadcz\u0105cy o wysokim poziomie pracy  wychowawczo-dydaktycznej oraz \u015bwiadczonych przez przedszkole us\u0142ugach. <br><br>Kolejne dwa certyfikaty otrzymali\u015bmy w 2006r., na okres 2006 &#8211; 2010 roku oraz w 2010r. na lata 2010 &#8211; 2015. <br><br>W 2015r. zako\u0144czyli\u015bmy realizacj\u0119 programu &#8222;Partnerskie Przedszkole uzyskuj\u0105c: <strong>Polski Certyfikat  Jako\u015bci \u201ePartnerskie Przedszkole\u201d im. Ireny Dzierzgowskiej wraz z  medalem jako\u015bci<\/strong>, kt\u00f3re stanowi\u0142y podsumowanie naszych wieloletnich dzia\u0142a\u0144 na rzecz promowania edukacji przedszkolnej i zobligowa\u0142y do utrzymywania wysokich standard\u00f3w pracy wychowawczej, dydaktycznej i opieku\u0144czej.<\/p>\n\n\n\n<p class=\"has-text-align-center\"><strong>Jeste\u015bmy pierwszym  przedszkolem w mie\u015bcie, kt\u00f3re otrzyma\u0142o to szczeg\u00f3lne wyr\u00f3\u017cnienie na sta\u0142e<\/strong><\/p>\n\n\n\n<p><br>Od 1999r. nasza  plac\u00f3wka przynale\u017cy do <strong>Og\u00f3lnopolskiej Sieci Szk\u00f3l i Plac\u00f3wek Promuj\u0105cych Zdrowie<\/strong>. Za dzia\u0142ania podejmowane na rzecz promowania zdrowego stylu \u017cycia, zdrowego od\u017cywiania, higieny, profilaktyki i aktywno\u015bci ruchowej, w tym dzieci\u0119cej turystyki i aktywnego wypoczynku, w roku 2006r. plac\u00f3wka po raz pierwszy otrzyma\u0142a z r\u0105k Lubuskiego Kuratora O\u015bwiaty <strong>Certyfikat LKO Szko\u0142a Promuj\u0105ca Zdrowie<\/strong>. Kolejne w roku 2009, 2012, 2014, 2017 i 2020.<br><br>Przedszkole z du\u017cym sukcesem realizuje dodatkowe programy i projekty w tym projekty MEN &#8211; uzyskuj\u0105c w 2014r. Certyfikat MEN \u2013 <strong>&#8222;Przedszkole w ruchu<\/strong>\u201d oraz w 2013r. Certyfikat MEN \u2013 <strong>&#8222;Przedszkole Dobrze Przygotowuj\u0105ce do Szko\u0142y&#8221;<\/strong>. <\/p>\n\n\n\n<p><\/p>\n\n\n\n<p><br>Plac\u00f3wka jest laureatem wielu konkurs\u00f3w, przegl\u0105d\u00f3w, turniej\u00f3w i quiz\u00f3w dzieci\u0119cych m.in.: <\/p>\n\n\n\n<ul class=\"wp-block-list\">\n<li>&#8222;Turnieju wiedzy o regionie&#8221;, <\/li>\n\n\n\n<li>przegl\u0105du piosenki przedszkolnej &#8222;Roz\u015bpiewane przedszkole&#8221;, <\/li>\n\n\n\n<li>przegl\u0105du tanecznego \u201eS\u0142oneczne rytmy\u201d, <\/li>\n\n\n\n<li>&#8222;Mi\u0119dzyprzedszkolnego Sportowego Turnieju Rodzin&#8221;, <\/li>\n\n\n\n<li>przegl\u0105du piosenki \u201eBiesiada pod topol\u0105\u201d, <\/li>\n\n\n\n<li>przegl\u0105du piosenki \u015bwi\u0105tecznej \u201eGwiazdkowy Talent Show\u201d, <\/li>\n\n\n\n<li>przegl\u0105du grup jase\u0142kowych, <\/li>\n\n\n\n<li>bezpieczny w ruchu drogowym &#8211; &#8222;Bezpieczna zer\u00f3wka&#8221;, <\/li>\n\n\n\n<li>przegl\u0105du recytatorskiego, <\/li>\n\n\n\n<li>konkurs\u00f3w plastycznych. <\/li>\n<\/ul>\n\n\n\n<p><\/p>\n\n\n\n<p>W plac\u00f3wce realizowane by\u0142y r\u00f3wnie\u017c dwa du\u017ce projekty EFS w ramach wsp\u00f3\u0142pracy z Akademi\u0105 Medyczn\u0105 w Szczecinie i Poznaniu:<\/p>\n\n\n\n<ul class=\"wp-block-list\">\n<li>&#8222;Przedszkole przyjazne \u017cywieniu i aktywno\u015bci ruchowej dziecka\u201d,  <\/li>\n\n\n\n<li>\u201dEdukacja, promocja i profilaktyka w kierunku jamy ustnej \u2013 z\u0119by ma\u0142ego dziecka. <\/li>\n<\/ul>\n\n\n\n<p><\/p>\n\n\n\n<p>W przedszkolu realizowane s\u0105 r\u00f3wnie\u017c <strong>innowacje pedagogiczne<\/strong>: <\/p>\n\n\n\n<ul class=\"wp-block-list\">\n<li>\u201eStoliczku nakryj si\u0119 &#8211; warsztaty kulinarne&#8221;<\/li>\n<\/ul>\n\n\n\n<p><\/p>\n","protected":false},"excerpt":{"rendered":"<p>Kilka s\u0142\u00f3w o przedszkolu \u201eWyspa Dzieci\u201d zlokalizowana jest w Zielonej G\u00f3rze przy ul. Monte Cassino 21a, w samym centrum Osiedla S\u0142onecznego. Mo\u017cna do niej dotrze\u0107 wygodnie autobusem miejskim, samochodem lub na piechot\u0119 z ka\u017cdego miejsca w mie\u015bcie. Budynek przedszkolny liczy<\/p>\n","protected":false},"author":2,"featured_media":0,"parent":0,"menu_order":0,"comment_status":"closed","ping_status":"closed","template":"","meta":{"footnotes":""},"class_list":["post-8","page","type-page","status-publish","hentry"],"_links":{"self":[{"href":"https:\/\/mp10.schoolpage.pl\/index.php\/wp-json\/wp\/v2\/pages\/8","targetHints":{"allow":["GET"]}}],"collection":[{"href":"https:\/\/mp10.schoolpage.pl\/index.php\/wp-json\/wp\/v2\/pages"}],"about":[{"href":"https:\/\/mp10.schoolpage.pl\/index.php\/wp-json\/wp\/v2\/types\/page"}],"author":[{"embeddable":true,"href":"https:\/\/mp10.schoolpage.pl\/index.php\/wp-json\/wp\/v2\/users\/2"}],"replies":[{"embeddable":true,"href":"https:\/\/mp10.schoolpage.pl\/index.php\/wp-json\/wp\/v2\/comments?post=8"}],"version-history":[{"count":27,"href":"https:\/\/mp10.schoolpage.pl\/index.php\/wp-json\/wp\/v2\/pages\/8\/revisions"}],"predecessor-version":[{"id":1579,"href":"https:\/\/mp10.schoolpage.pl\/index.php\/wp-json\/wp\/v2\/pages\/8\/revisions\/1579"}],"wp:attachment":[{"href":"https:\/\/mp10.schoolpage.pl\/index.php\/wp-json\/wp\/v2\/media?parent=8"}],"curies":[{"name":"wp","href":"https:\/\/api.w.org\/{rel}","templated":true}]}}